{"id":292,"date":"2025-06-14T00:44:19","date_gmt":"2025-06-14T00:44:19","guid":{"rendered":"https:\/\/kidszone503.com\/?post_type=product&#038;p=292"},"modified":"2025-06-14T00:44:19","modified_gmt":"2025-06-14T00:44:19","slug":"rompecabezas-de-madera-infantil-24-piezas","status":"publish","type":"product","link":"https:\/\/kidszone503.com\/index.php\/producto\/rompecabezas-de-madera-infantil-24-piezas\/","title":{"rendered":"Rompecabezas de Madera Infantil \u2013 24 Piezas"},"content":{"rendered":"<p data-start=\"164\" data-end=\"526\">Descubre la magia del aprendizaje a trav\u00e9s del juego con nuestros Rompecabezas de Madera Infantil de 24 piezas. Cada dise\u00f1o colorido presenta escenas llenas de ternura, desde la vida en la granja hasta el fondo del mar y el bosque encantado, ideales para estimular la imaginaci\u00f3n y el desarrollo cognitivo de los m\u00e1s peque\u00f1os.<\/p>\n<p data-start=\"528\" data-end=\"867\">Fabricados en madera resistente, estos rompecabezas ayudan a mejorar la coordinaci\u00f3n ojo-mano, la motricidad fina y la resoluci\u00f3n de problemas, mientras entretienen de forma segura. Son perfectos para ni\u00f1os y ni\u00f1as desde los 3 a\u00f1os y pueden ser un excelente regalo educativo. \u00a1Una manera divertida y did\u00e1ctica de jugar, solos o en familia!<\/p>\n","protected":false},"excerpt":{"rendered":"<p>Rompecabezas de madera de 24 piezas con divertidas escenas infantiles. Ideal para estimular la mente, la coordinaci\u00f3n y la creatividad desde los 3 a\u00f1os. \u00a1Aprender jugando nunca fue tan entretenido!<\/p>\n","protected":false},"featured_media":194,"comment_status":"open","ping_status":"closed","template":"","meta":{"site-sidebar-layout":"default","site-content-layout":"","ast-site-content-layout":"default","site-content-style":"default","site-sidebar-style":"default","ast-global-header-display":"","ast-banner-title-visibility":"","ast-main-header-display":"","ast-hfb-above-header-display":"","ast-hfb-below-header-display":"","ast-hfb-mobile-header-display":"","site-post-title":"","ast-breadcrumbs-content":"","ast-featured-img":"","footer-sml-layout":"","theme-transparent-header-meta":"default","adv-header-id-meta":"","stick-header-meta":"","header-above-stick-meta":"","header-main-stick-meta":"","header-below-stick-meta":"","astra-migrate-meta-layouts":"set","ast-page-background-enabled":"default","ast-page-background-meta":{"desktop":{"background-color":"var(--ast-global-color-5)","background-image":"","background-repeat":"repeat","background-position":"center center","background-size":"auto","background-attachment":"scroll","background-type":"","background-media":"","overlay-type":"","overlay-color":"","overlay-opacity":"","overlay-gradient":""},"tablet":{"background-color":"","background-image":"","background-repeat":"repeat","background-position":"center center","background-size":"auto","background-attachment":"scroll","background-type":"","background-media":"","overlay-type":"","overlay-color":"","overlay-opacity":"","overlay-gradient":""},"mobile":{"background-color":"","background-image":"","background-repeat":"repeat","background-position":"center center","background-size":"auto","background-attachment":"scroll","background-type":"","background-media":"","overlay-type":"","overlay-color":"","overlay-opacity":"","overlay-gradient":""}},"ast-content-background-meta":{"desktop":{"background-color":"var(--ast-global-color-4)","background-image":"","background-repeat":"repeat","background-position":"center center","background-size":"auto","background-attachment":"scroll","background-type":"","background-media":"","overlay-type":"","overlay-color":"","overlay-opacity":"","overlay-gradient":""},"tablet":{"background-color":"var(--ast-global-color-4)","background-image":"","background-repeat":"repeat","background-position":"center center","background-size":"auto","background-attachment":"scroll","background-type":"","background-media":"","overlay-type":"","overlay-color":"","overlay-opacity":"","overlay-gradient":""},"mobile":{"background-color":"var(--ast-global-color-4)","background-image":"","background-repeat":"repeat","background-position":"center center","background-size":"auto","background-attachment":"scroll","background-type":"","background-media":"","overlay-type":"","overlay-color":"","overlay-opacity":"","overlay-gradient":""}}},"product_brand":[],"product_cat":[15,39],"product_tag":[],"class_list":{"0":"post-292","1":"product","2":"type-product","3":"status-publish","4":"has-post-thumbnail","6":"product_cat-todos-los-productos","7":"product_cat-juegos-de-mesa","8":"desktop-align-left","9":"tablet-align-left","10":"mobile-align-left","12":"first","13":"instock","14":"shipping-taxable","15":"purchasable","16":"product-type-simple"},"_links":{"self":[{"href":"https:\/\/kidszone503.com\/index.php\/wp-json\/wp\/v2\/product\/292","targetHints":{"allow":["GET"]}}],"collection":[{"href":"https:\/\/kidszone503.com\/index.php\/wp-json\/wp\/v2\/product"}],"about":[{"href":"https:\/\/kidszone503.com\/index.php\/wp-json\/wp\/v2\/types\/product"}],"replies":[{"embeddable":true,"href":"https:\/\/kidszone503.com\/index.php\/wp-json\/wp\/v2\/comments?post=292"}],"wp:featuredmedia":[{"embeddable":true,"href":"https:\/\/kidszone503.com\/index.php\/wp-json\/wp\/v2\/media\/194"}],"wp:attachment":[{"href":"https:\/\/kidszone503.com\/index.php\/wp-json\/wp\/v2\/media?parent=292"}],"wp:term":[{"taxonomy":"product_brand","embeddable":true,"href":"https:\/\/kidszone503.com\/index.php\/wp-json\/wp\/v2\/product_brand?post=292"},{"taxonomy":"product_cat","embeddable":true,"href":"https:\/\/kidszone503.com\/index.php\/wp-json\/wp\/v2\/product_cat?post=292"},{"taxonomy":"product_tag","embeddable":true,"href":"https:\/\/kidszone503.com\/index.php\/wp-json\/wp\/v2\/product_tag?post=292"}],"curies":[{"name":"wp","href":"https:\/\/api.w.org\/{rel}","templated":true}]}}