{"id":291,"date":"2025-06-14T00:39:58","date_gmt":"2025-06-14T00:39:58","guid":{"rendered":"https:\/\/kidszone503.com\/?post_type=product&#038;p=291"},"modified":"2025-06-14T00:39:58","modified_gmt":"2025-06-14T00:39:58","slug":"alfombra-puzzle-eva-didactica-letras-y-colores-para-jugar-y-aprender","status":"publish","type":"product","link":"https:\/\/kidszone503.com\/index.php\/producto\/alfombra-puzzle-eva-didactica-letras-y-colores-para-jugar-y-aprender\/","title":{"rendered":"Alfombra Puzzle EVA Did\u00e1ctica \u2013 Letras y Colores para Jugar y Aprender"},"content":{"rendered":"<p data-start=\"182\" data-end=\"522\">Convierte cualquier espacio en una zona de juegos segura y educativa con esta divertida Alfombra Puzzle EVA Did\u00e1ctica. Cada pieza est\u00e1 dise\u00f1ada con letras coloridas que ayudan a tu peque\u00f1o a familiarizarse con el abecedario mientras juega y desarrolla habilidades motoras, sensoriales y de reconocimiento visual.<\/p>\n<p data-start=\"524\" data-end=\"834\">Hecha de material EVA suave, lavable y antideslizante, esta alfombra es perfecta para usar como base de juegos, \u00e1rea de gateo o incluso para construir estructuras en 3D. Su dise\u00f1o tipo rompecabezas estimula la creatividad, y gracias a su tama\u00f1o compacto (30cm x 23cm), es ideal para llevarla a cualquier lugar.<\/p>\n<p data-start=\"836\" data-end=\"882\">Recomendada para ni\u00f1os a partir de los 3 a\u00f1os.<\/p>\n","protected":false},"excerpt":{"rendered":"<p>\u00a1Diversi\u00f3n y aprendizaje en un mismo lugar! Alfombra de letras suave, colorida y segura para jugar, explorar y crear.<\/p>\n","protected":false},"featured_media":191,"comment_status":"open","ping_status":"closed","template":"","meta":{"site-sidebar-layout":"default","site-content-layout":"","ast-site-content-layout":"default","site-content-style":"default","site-sidebar-style":"default","ast-global-header-display":"","ast-banner-title-visibility":"","ast-main-header-display":"","ast-hfb-above-header-display":"","ast-hfb-below-header-display":"","ast-hfb-mobile-header-display":"","site-post-title":"","ast-breadcrumbs-content":"","ast-featured-img":"","footer-sml-layout":"","theme-transparent-header-meta":"default","adv-header-id-meta":"","stick-header-meta":"","header-above-stick-meta":"","header-main-stick-meta":"","header-below-stick-meta":"","astra-migrate-meta-layouts":"set","ast-page-background-enabled":"default","ast-page-background-meta":{"desktop":{"background-color":"var(--ast-global-color-5)","background-image":"","background-repeat":"repeat","background-position":"center center","background-size":"auto","background-attachment":"scroll","background-type":"","background-media":"","overlay-type":"","overlay-color":"","overlay-opacity":"","overlay-gradient":""},"tablet":{"background-color":"","background-image":"","background-repeat":"repeat","background-position":"center center","background-size":"auto","background-attachment":"scroll","background-type":"","background-media":"","overlay-type":"","overlay-color":"","overlay-opacity":"","overlay-gradient":""},"mobile":{"background-color":"","background-image":"","background-repeat":"repeat","background-position":"center center","background-size":"auto","background-attachment":"scroll","background-type":"","background-media":"","overlay-type":"","overlay-color":"","overlay-opacity":"","overlay-gradient":""}},"ast-content-background-meta":{"desktop":{"background-color":"var(--ast-global-color-4)","background-image":"","background-repeat":"repeat","background-position":"center center","background-size":"auto","background-attachment":"scroll","background-type":"","background-media":"","overlay-type":"","overlay-color":"","overlay-opacity":"","overlay-gradient":""},"tablet":{"background-color":"var(--ast-global-color-4)","background-image":"","background-repeat":"repeat","background-position":"center center","background-size":"auto","background-attachment":"scroll","background-type":"","background-media":"","overlay-type":"","overlay-color":"","overlay-opacity":"","overlay-gradient":""},"mobile":{"background-color":"var(--ast-global-color-4)","background-image":"","background-repeat":"repeat","background-position":"center center","background-size":"auto","background-attachment":"scroll","background-type":"","background-media":"","overlay-type":"","overlay-color":"","overlay-opacity":"","overlay-gradient":""}}},"product_brand":[],"product_cat":[15,24,28],"product_tag":[],"class_list":{"0":"post-291","1":"product","2":"type-product","3":"status-publish","4":"has-post-thumbnail","6":"product_cat-todos-los-productos","7":"product_cat-educacion","8":"product_cat-juguetes","9":"desktop-align-left","10":"tablet-align-left","11":"mobile-align-left","13":"first","14":"instock","15":"shipping-taxable","16":"purchasable","17":"product-type-simple"},"_links":{"self":[{"href":"https:\/\/kidszone503.com\/index.php\/wp-json\/wp\/v2\/product\/291","targetHints":{"allow":["GET"]}}],"collection":[{"href":"https:\/\/kidszone503.com\/index.php\/wp-json\/wp\/v2\/product"}],"about":[{"href":"https:\/\/kidszone503.com\/index.php\/wp-json\/wp\/v2\/types\/product"}],"replies":[{"embeddable":true,"href":"https:\/\/kidszone503.com\/index.php\/wp-json\/wp\/v2\/comments?post=291"}],"wp:featuredmedia":[{"embeddable":true,"href":"https:\/\/kidszone503.com\/index.php\/wp-json\/wp\/v2\/media\/191"}],"wp:attachment":[{"href":"https:\/\/kidszone503.com\/index.php\/wp-json\/wp\/v2\/media?parent=291"}],"wp:term":[{"taxonomy":"product_brand","embeddable":true,"href":"https:\/\/kidszone503.com\/index.php\/wp-json\/wp\/v2\/product_brand?post=291"},{"taxonomy":"product_cat","embeddable":true,"href":"https:\/\/kidszone503.com\/index.php\/wp-json\/wp\/v2\/product_cat?post=291"},{"taxonomy":"product_tag","embeddable":true,"href":"https:\/\/kidszone503.com\/index.php\/wp-json\/wp\/v2\/product_tag?post=291"}],"curies":[{"name":"wp","href":"https:\/\/api.w.org\/{rel}","templated":true}]}}