{"id":287,"date":"2025-06-14T00:33:28","date_gmt":"2025-06-14T00:33:28","guid":{"rendered":"https:\/\/kidszone503.com\/?post_type=product&#038;p=287"},"modified":"2025-06-14T00:33:28","modified_gmt":"2025-06-14T00:33:28","slug":"biberon-philips-avent-anti-colicos-125-ml-0m","status":"publish","type":"product","link":"https:\/\/kidszone503.com\/index.php\/producto\/biberon-philips-avent-anti-colicos-125-ml-0m\/","title":{"rendered":"Biber\u00f3n Philips Avent Anti-C\u00f3licos 125 ml \u2013 0m+"},"content":{"rendered":"<p>Cuida el bienestar de tu beb\u00e9 desde el primer d\u00eda con el biber\u00f3n Philips Avent Anti-Colic, dise\u00f1ado especialmente para reducir los c\u00f3licos y las molestias durante la alimentaci\u00f3n. Su exclusiva v\u00e1lvula antic\u00f3licos ayuda a evitar la ingesta de aire, lo que contribuye a una digesti\u00f3n m\u00e1s c\u00f3moda y tranquila.<br data-start=\"486\" data-end=\"489\" \/>Ideal para reci\u00e9n nacidos (0m+), este biber\u00f3n de 125 ml cuenta con una tetina de flujo lento, perfecta para los primeros d\u00edas. Adem\u00e1s, est\u00e1 cl\u00ednicamente probado, es libre de BPA y se limpia f\u00e1cilmente gracias a su dise\u00f1o de cuello ancho.<br data-start=\"726\" data-end=\"729\" \/>\u00a1Conf\u00eda en la marca n\u00famero uno en biberones y brinda a tu beb\u00e9 una alimentaci\u00f3n m\u00e1s natural y sin molestias!<\/p>\n","protected":false},"excerpt":{"rendered":"<p>Menos c\u00f3licos, m\u00e1s tranquilidad. El biber\u00f3n ideal para los primeros d\u00edas de tu beb\u00e9.<\/p>\n","protected":false},"featured_media":185,"comment_status":"open","ping_status":"closed","template":"","meta":{"site-sidebar-layout":"default","site-content-layout":"","ast-site-content-layout":"default","site-content-style":"default","site-sidebar-style":"default","ast-global-header-display":"","ast-banner-title-visibility":"","ast-main-header-display":"","ast-hfb-above-header-display":"","ast-hfb-below-header-display":"","ast-hfb-mobile-header-display":"","site-post-title":"","ast-breadcrumbs-content":"","ast-featured-img":"","footer-sml-layout":"","theme-transparent-header-meta":"default","adv-header-id-meta":"","stick-header-meta":"","header-above-stick-meta":"","header-main-stick-meta":"","header-below-stick-meta":"","astra-migrate-meta-layouts":"set","ast-page-background-enabled":"default","ast-page-background-meta":{"desktop":{"background-color":"var(--ast-global-color-5)","background-image":"","background-repeat":"repeat","background-position":"center center","background-size":"auto","background-attachment":"scroll","background-type":"","background-media":"","overlay-type":"","overlay-color":"","overlay-opacity":"","overlay-gradient":""},"tablet":{"background-color":"","background-image":"","background-repeat":"repeat","background-position":"center center","background-size":"auto","background-attachment":"scroll","background-type":"","background-media":"","overlay-type":"","overlay-color":"","overlay-opacity":"","overlay-gradient":""},"mobile":{"background-color":"","background-image":"","background-repeat":"repeat","background-position":"center center","background-size":"auto","background-attachment":"scroll","background-type":"","background-media":"","overlay-type":"","overlay-color":"","overlay-opacity":"","overlay-gradient":""}},"ast-content-background-meta":{"desktop":{"background-color":"var(--ast-global-color-4)","background-image":"","background-repeat":"repeat","background-position":"center center","background-size":"auto","background-attachment":"scroll","background-type":"","background-media":"","overlay-type":"","overlay-color":"","overlay-opacity":"","overlay-gradient":""},"tablet":{"background-color":"var(--ast-global-color-4)","background-image":"","background-repeat":"repeat","background-position":"center center","background-size":"auto","background-attachment":"scroll","background-type":"","background-media":"","overlay-type":"","overlay-color":"","overlay-opacity":"","overlay-gradient":""},"mobile":{"background-color":"var(--ast-global-color-4)","background-image":"","background-repeat":"repeat","background-position":"center center","background-size":"auto","background-attachment":"scroll","background-type":"","background-media":"","overlay-type":"","overlay-color":"","overlay-opacity":"","overlay-gradient":""}}},"product_brand":[],"product_cat":[15,17],"product_tag":[],"class_list":{"0":"post-287","1":"product","2":"type-product","3":"status-publish","4":"has-post-thumbnail","6":"product_cat-todos-los-productos","7":"product_cat-alimentacion","8":"desktop-align-left","9":"tablet-align-left","10":"mobile-align-left","12":"first","13":"instock","14":"shipping-taxable","15":"purchasable","16":"product-type-simple"},"_links":{"self":[{"href":"https:\/\/kidszone503.com\/index.php\/wp-json\/wp\/v2\/product\/287","targetHints":{"allow":["GET"]}}],"collection":[{"href":"https:\/\/kidszone503.com\/index.php\/wp-json\/wp\/v2\/product"}],"about":[{"href":"https:\/\/kidszone503.com\/index.php\/wp-json\/wp\/v2\/types\/product"}],"replies":[{"embeddable":true,"href":"https:\/\/kidszone503.com\/index.php\/wp-json\/wp\/v2\/comments?post=287"}],"wp:featuredmedia":[{"embeddable":true,"href":"https:\/\/kidszone503.com\/index.php\/wp-json\/wp\/v2\/media\/185"}],"wp:attachment":[{"href":"https:\/\/kidszone503.com\/index.php\/wp-json\/wp\/v2\/media?parent=287"}],"wp:term":[{"taxonomy":"product_brand","embeddable":true,"href":"https:\/\/kidszone503.com\/index.php\/wp-json\/wp\/v2\/product_brand?post=287"},{"taxonomy":"product_cat","embeddable":true,"href":"https:\/\/kidszone503.com\/index.php\/wp-json\/wp\/v2\/product_cat?post=287"},{"taxonomy":"product_tag","embeddable":true,"href":"https:\/\/kidszone503.com\/index.php\/wp-json\/wp\/v2\/product_tag?post=287"}],"curies":[{"name":"wp","href":"https:\/\/api.w.org\/{rel}","templated":true}]}}