{"id":284,"date":"2025-06-14T00:26:15","date_gmt":"2025-06-14T00:26:15","guid":{"rendered":"https:\/\/kidszone503.com\/?post_type=product&#038;p=284"},"modified":"2025-06-23T19:25:37","modified_gmt":"2025-06-23T19:25:37","slug":"diorama-lego-selva-tropical-edicion-limitada-299-piezas","status":"publish","type":"product","link":"https:\/\/kidszone503.com\/index.php\/producto\/diorama-lego-selva-tropical-edicion-limitada-299-piezas\/","title":{"rendered":"Diorama LEGO Selva Tropical (Edici\u00f3n Limitada \u2013 299 piezas)"},"content":{"rendered":"<p>Sum\u00e9rgete en la belleza y tranquilidad de la naturaleza con el Diorama LEGO Selva Tropical. Este set de edici\u00f3n limitada incluye 299 piezas para construir una escena vibrante con cascadas, plantas ex\u00f3ticas, mariposas y coloridas aves tropicales.<br data-start=\"465\" data-end=\"468\" \/>Dise\u00f1ado para mayores de 12 a\u00f1os, es una experiencia relajante y creativa que resulta ideal para decorar escritorios, estanter\u00edas o regalar a amantes de la naturaleza y coleccionistas LEGO. \u00a1Es como tener un peque\u00f1o para\u00edso tropical en casa, sin preocuparte por el clima!<\/p>\n","protected":false},"excerpt":{"rendered":"<p>Explora la magia de la jungla con este hermoso diorama tropical LEGO. \u00a1Un regalo \u00fanico, creativo y decorativo!<\/p>\n","protected":false},"featured_media":183,"comment_status":"open","ping_status":"closed","template":"","meta":{"site-sidebar-layout":"default","site-content-layout":"","ast-site-content-layout":"default","site-content-style":"default","site-sidebar-style":"default","ast-global-header-display":"","ast-banner-title-visibility":"","ast-main-header-display":"","ast-hfb-above-header-display":"","ast-hfb-below-header-display":"","ast-hfb-mobile-header-display":"","site-post-title":"","ast-breadcrumbs-content":"","ast-featured-img":"","footer-sml-layout":"","theme-transparent-header-meta":"default","adv-header-id-meta":"","stick-header-meta":"","header-above-stick-meta":"","header-main-stick-meta":"","header-below-stick-meta":"","astra-migrate-meta-layouts":"set","ast-page-background-enabled":"default","ast-page-background-meta":{"desktop":{"background-color":"var(--ast-global-color-5)","background-image":"","background-repeat":"repeat","background-position":"center center","background-size":"auto","background-attachment":"scroll","background-type":"","background-media":"","overlay-type":"","overlay-color":"","overlay-opacity":"","overlay-gradient":""},"tablet":{"background-color":"","background-image":"","background-repeat":"repeat","background-position":"center center","background-size":"auto","background-attachment":"scroll","background-type":"","background-media":"","overlay-type":"","overlay-color":"","overlay-opacity":"","overlay-gradient":""},"mobile":{"background-color":"","background-image":"","background-repeat":"repeat","background-position":"center center","background-size":"auto","background-attachment":"scroll","background-type":"","background-media":"","overlay-type":"","overlay-color":"","overlay-opacity":"","overlay-gradient":""}},"ast-content-background-meta":{"desktop":{"background-color":"var(--ast-global-color-4)","background-image":"","background-repeat":"repeat","background-position":"center center","background-size":"auto","background-attachment":"scroll","background-type":"","background-media":"","overlay-type":"","overlay-color":"","overlay-opacity":"","overlay-gradient":""},"tablet":{"background-color":"var(--ast-global-color-4)","background-image":"","background-repeat":"repeat","background-position":"center center","background-size":"auto","background-attachment":"scroll","background-type":"","background-media":"","overlay-type":"","overlay-color":"","overlay-opacity":"","overlay-gradient":""},"mobile":{"background-color":"var(--ast-global-color-4)","background-image":"","background-repeat":"repeat","background-position":"center center","background-size":"auto","background-attachment":"scroll","background-type":"","background-media":"","overlay-type":"","overlay-color":"","overlay-opacity":"","overlay-gradient":""}}},"product_brand":[],"product_cat":[15,29],"product_tag":[],"class_list":{"0":"post-284","1":"product","2":"type-product","3":"status-publish","4":"has-post-thumbnail","6":"product_cat-todos-los-productos","7":"product_cat-legos","8":"desktop-align-left","9":"tablet-align-left","10":"mobile-align-left","12":"first","13":"instock","14":"shipping-taxable","15":"purchasable","16":"product-type-simple"},"_links":{"self":[{"href":"https:\/\/kidszone503.com\/index.php\/wp-json\/wp\/v2\/product\/284","targetHints":{"allow":["GET"]}}],"collection":[{"href":"https:\/\/kidszone503.com\/index.php\/wp-json\/wp\/v2\/product"}],"about":[{"href":"https:\/\/kidszone503.com\/index.php\/wp-json\/wp\/v2\/types\/product"}],"replies":[{"embeddable":true,"href":"https:\/\/kidszone503.com\/index.php\/wp-json\/wp\/v2\/comments?post=284"}],"wp:featuredmedia":[{"embeddable":true,"href":"https:\/\/kidszone503.com\/index.php\/wp-json\/wp\/v2\/media\/183"}],"wp:attachment":[{"href":"https:\/\/kidszone503.com\/index.php\/wp-json\/wp\/v2\/media?parent=284"}],"wp:term":[{"taxonomy":"product_brand","embeddable":true,"href":"https:\/\/kidszone503.com\/index.php\/wp-json\/wp\/v2\/product_brand?post=284"},{"taxonomy":"product_cat","embeddable":true,"href":"https:\/\/kidszone503.com\/index.php\/wp-json\/wp\/v2\/product_cat?post=284"},{"taxonomy":"product_tag","embeddable":true,"href":"https:\/\/kidszone503.com\/index.php\/wp-json\/wp\/v2\/product_tag?post=284"}],"curies":[{"name":"wp","href":"https:\/\/api.w.org\/{rel}","templated":true}]}}