{"id":270,"date":"2025-06-14T00:03:19","date_gmt":"2025-06-14T00:03:19","guid":{"rendered":"https:\/\/kidszone503.com\/?post_type=product&#038;p=270"},"modified":"2025-06-23T19:55:13","modified_gmt":"2025-06-23T19:55:13","slug":"andadera-musical-2-en-1-con-palo-de-empuje-diseno-pinguino","status":"publish","type":"product","link":"https:\/\/kidszone503.com\/index.php\/producto\/andadera-musical-2-en-1-con-palo-de-empuje-diseno-pinguino\/","title":{"rendered":"Andadera Musical 2 en 1 con Palo de Empuje \u2013 Dise\u00f1o Ping\u00fcino"},"content":{"rendered":"<p data-start=\"231\" data-end=\"767\">Haz que los primeros pasos de tu beb\u00e9 sean una experiencia divertida y segura con nuestra <strong data-start=\"321\" data-end=\"363\">andadera 2 en 1 con dise\u00f1o de ping\u00fcino<\/strong>. Esta pr\u00e1ctica andadera incluye un <strong data-start=\"399\" data-end=\"417\">palo de empuje<\/strong> trasero para que puedas acompa\u00f1ar a tu peque\u00f1o mientras explora. Su tablero musical con luces, flores giratorias y adorables sonidos estimula los sentidos y el desarrollo motor. Cuenta con un asiento acolchado c\u00f3modo, respaldo alto para mayor soporte y una base amplia y estable con m\u00faltiples ruedas que ofrecen movilidad suave en todo tipo de piso.<\/p>\n<p data-start=\"769\" data-end=\"1036\">Ideal para beb\u00e9s que est\u00e1n comenzando a caminar o simplemente para disfrutar del juego. Adem\u00e1s, su dise\u00f1o en colores vivos y formas divertidas captar\u00e1 la atenci\u00f3n de tu beb\u00e9 desde el primer momento. \u00a1Una combinaci\u00f3n perfecta de seguridad, entretenimiento y comodidad!<\/p>\n","protected":false},"excerpt":{"rendered":"<p>\u00a1Acompa\u00f1a cada pasito con m\u00fasica, luces y diversi\u00f3n! Esta andadera 2 en 1 con palo de empuje es perfecta para estimular a tu beb\u00e9 mientras camina y juega con total seguridad.<\/p>\n","protected":false},"featured_media":168,"comment_status":"open","ping_status":"closed","template":"","meta":{"site-sidebar-layout":"default","site-content-layout":"","ast-site-content-layout":"default","site-content-style":"default","site-sidebar-style":"default","ast-global-header-display":"","ast-banner-title-visibility":"","ast-main-header-display":"","ast-hfb-above-header-display":"","ast-hfb-below-header-display":"","ast-hfb-mobile-header-display":"","site-post-title":"","ast-breadcrumbs-content":"","ast-featured-img":"","footer-sml-layout":"","theme-transparent-header-meta":"default","adv-header-id-meta":"","stick-header-meta":"","header-above-stick-meta":"","header-main-stick-meta":"","header-below-stick-meta":"","astra-migrate-meta-layouts":"set","ast-page-background-enabled":"default","ast-page-background-meta":{"desktop":{"background-color":"var(--ast-global-color-5)","background-image":"","background-repeat":"repeat","background-position":"center center","background-size":"auto","background-attachment":"scroll","background-type":"","background-media":"","overlay-type":"","overlay-color":"","overlay-opacity":"","overlay-gradient":""},"tablet":{"background-color":"","background-image":"","background-repeat":"repeat","background-position":"center center","background-size":"auto","background-attachment":"scroll","background-type":"","background-media":"","overlay-type":"","overlay-color":"","overlay-opacity":"","overlay-gradient":""},"mobile":{"background-color":"","background-image":"","background-repeat":"repeat","background-position":"center center","background-size":"auto","background-attachment":"scroll","background-type":"","background-media":"","overlay-type":"","overlay-color":"","overlay-opacity":"","overlay-gradient":""}},"ast-content-background-meta":{"desktop":{"background-color":"var(--ast-global-color-4)","background-image":"","background-repeat":"repeat","background-position":"center center","background-size":"auto","background-attachment":"scroll","background-type":"","background-media":"","overlay-type":"","overlay-color":"","overlay-opacity":"","overlay-gradient":""},"tablet":{"background-color":"var(--ast-global-color-4)","background-image":"","background-repeat":"repeat","background-position":"center center","background-size":"auto","background-attachment":"scroll","background-type":"","background-media":"","overlay-type":"","overlay-color":"","overlay-opacity":"","overlay-gradient":""},"mobile":{"background-color":"var(--ast-global-color-4)","background-image":"","background-repeat":"repeat","background-position":"center center","background-size":"auto","background-attachment":"scroll","background-type":"","background-media":"","overlay-type":"","overlay-color":"","overlay-opacity":"","overlay-gradient":""}}},"product_brand":[],"product_cat":[15,18],"product_tag":[],"class_list":{"0":"post-270","1":"product","2":"type-product","3":"status-publish","4":"has-post-thumbnail","6":"product_cat-todos-los-productos","7":"product_cat-andaderas","8":"desktop-align-left","9":"tablet-align-left","10":"mobile-align-left","12":"first","13":"instock","14":"shipping-taxable","15":"purchasable","16":"product-type-variable"},"_links":{"self":[{"href":"https:\/\/kidszone503.com\/index.php\/wp-json\/wp\/v2\/product\/270","targetHints":{"allow":["GET"]}}],"collection":[{"href":"https:\/\/kidszone503.com\/index.php\/wp-json\/wp\/v2\/product"}],"about":[{"href":"https:\/\/kidszone503.com\/index.php\/wp-json\/wp\/v2\/types\/product"}],"replies":[{"embeddable":true,"href":"https:\/\/kidszone503.com\/index.php\/wp-json\/wp\/v2\/comments?post=270"}],"wp:featuredmedia":[{"embeddable":true,"href":"https:\/\/kidszone503.com\/index.php\/wp-json\/wp\/v2\/media\/168"}],"wp:attachment":[{"href":"https:\/\/kidszone503.com\/index.php\/wp-json\/wp\/v2\/media?parent=270"}],"wp:term":[{"taxonomy":"product_brand","embeddable":true,"href":"https:\/\/kidszone503.com\/index.php\/wp-json\/wp\/v2\/product_brand?post=270"},{"taxonomy":"product_cat","embeddable":true,"href":"https:\/\/kidszone503.com\/index.php\/wp-json\/wp\/v2\/product_cat?post=270"},{"taxonomy":"product_tag","embeddable":true,"href":"https:\/\/kidszone503.com\/index.php\/wp-json\/wp\/v2\/product_tag?post=270"}],"curies":[{"name":"wp","href":"https:\/\/api.w.org\/{rel}","templated":true}]}}