{"id":223,"date":"2025-06-13T20:35:16","date_gmt":"2025-06-13T20:35:16","guid":{"rendered":"https:\/\/kidszone503.com\/?post_type=product&#038;p=223"},"modified":"2025-06-24T15:38:05","modified_gmt":"2025-06-24T15:38:05","slug":"silla-de-comer-3-en-1-bebesitos-modo-alta-taburete-y-booster-rosa-o-gris-osito","status":"publish","type":"product","link":"https:\/\/kidszone503.com\/index.php\/producto\/silla-de-comer-3-en-1-bebesitos-modo-alta-taburete-y-booster-rosa-o-gris-osito\/","title":{"rendered":"Silla de Comer 3 en 1 Bebesitos \u2013 Modo Alta, Taburete y Booster | Rosa o Gris Osito"},"content":{"rendered":"<p data-start=\"277\" data-end=\"503\">Haz que la hora de la comida sea divertida y c\u00f3moda con la <strong data-start=\"336\" data-end=\"371\">Silla de Comer 3 en 1 Bebesitos<\/strong>, dise\u00f1ada para adaptarse al crecimiento y necesidades de tu beb\u00e9. Esta vers\u00e1til silla se transforma en <strong data-start=\"475\" data-end=\"500\">tres modos diferentes<\/strong>:<\/p>\n<ul data-start=\"504\" data-end=\"701\">\n<li data-start=\"504\" data-end=\"570\">\n<p data-start=\"506\" data-end=\"570\"><strong data-start=\"506\" data-end=\"532\">Silla alta tradicional<\/strong>, perfecta para la mesa del comedor.<\/p>\n<\/li>\n<li data-start=\"571\" data-end=\"631\">\n<p data-start=\"573\" data-end=\"631\"><strong data-start=\"573\" data-end=\"595\">Modo taburete bajo<\/strong>, ideal para juegos o actividades.<\/p>\n<\/li>\n<li data-start=\"632\" data-end=\"701\">\n<p data-start=\"634\" data-end=\"701\"><strong data-start=\"634\" data-end=\"650\">Modo booster<\/strong>, que se ajusta f\u00e1cilmente a cualquier silla com\u00fan.<\/p>\n<\/li>\n<\/ul>\n<p data-start=\"703\" data-end=\"1040\">Cuenta con una <strong data-start=\"718\" data-end=\"739\">bandeja removible<\/strong> y <strong data-start=\"742\" data-end=\"771\">ajustable en 3 posiciones<\/strong>, que facilita su limpieza y adapta el espacio seg\u00fan la edad del beb\u00e9. Su dise\u00f1o acolchado con carita de osito en colores <strong data-start=\"893\" data-end=\"908\">rosa o gris<\/strong> le da un toque encantador y tierno. Adem\u00e1s, est\u00e1 fabricada con materiales resistentes y seguros, y su <strong data-start=\"1011\" data-end=\"1039\">armado es f\u00e1cil y r\u00e1pido<\/strong>.<\/p>\n<p data-start=\"1042\" data-end=\"1110\">Ideal para beb\u00e9s desde los 6 meses hasta los 3 a\u00f1os aproximadamente.<\/p>\n","protected":false},"excerpt":{"rendered":"<p>Silla de comer 3 en 1: alta, booster y taburete. \u00a1C\u00f3moda, pr\u00e1ctica y con dise\u00f1o de osito adorable!<\/p>\n","protected":false},"featured_media":102,"comment_status":"open","ping_status":"closed","template":"","meta":{"site-sidebar-layout":"default","site-content-layout":"","ast-site-content-layout":"default","site-content-style":"default","site-sidebar-style":"default","ast-global-header-display":"","ast-banner-title-visibility":"","ast-main-header-display":"","ast-hfb-above-header-display":"","ast-hfb-below-header-display":"","ast-hfb-mobile-header-display":"","site-post-title":"","ast-breadcrumbs-content":"","ast-featured-img":"","footer-sml-layout":"","theme-transparent-header-meta":"default","adv-header-id-meta":"","stick-header-meta":"","header-above-stick-meta":"","header-main-stick-meta":"","header-below-stick-meta":"","astra-migrate-meta-layouts":"set","ast-page-background-enabled":"default","ast-page-background-meta":{"desktop":{"background-color":"var(--ast-global-color-5)","background-image":"","background-repeat":"repeat","background-position":"center center","background-size":"auto","background-attachment":"scroll","background-type":"","background-media":"","overlay-type":"","overlay-color":"","overlay-opacity":"","overlay-gradient":""},"tablet":{"background-color":"","background-image":"","background-repeat":"repeat","background-position":"center center","background-size":"auto","background-attachment":"scroll","background-type":"","background-media":"","overlay-type":"","overlay-color":"","overlay-opacity":"","overlay-gradient":""},"mobile":{"background-color":"","background-image":"","background-repeat":"repeat","background-position":"center center","background-size":"auto","background-attachment":"scroll","background-type":"","background-media":"","overlay-type":"","overlay-color":"","overlay-opacity":"","overlay-gradient":""}},"ast-content-background-meta":{"desktop":{"background-color":"var(--ast-global-color-4)","background-image":"","background-repeat":"repeat","background-position":"center center","background-size":"auto","background-attachment":"scroll","background-type":"","background-media":"","overlay-type":"","overlay-color":"","overlay-opacity":"","overlay-gradient":""},"tablet":{"background-color":"var(--ast-global-color-4)","background-image":"","background-repeat":"repeat","background-position":"center center","background-size":"auto","background-attachment":"scroll","background-type":"","background-media":"","overlay-type":"","overlay-color":"","overlay-opacity":"","overlay-gradient":""},"mobile":{"background-color":"var(--ast-global-color-4)","background-image":"","background-repeat":"repeat","background-position":"center center","background-size":"auto","background-attachment":"scroll","background-type":"","background-media":"","overlay-type":"","overlay-color":"","overlay-opacity":"","overlay-gradient":""}}},"product_brand":[],"product_cat":[15,31],"product_tag":[],"class_list":{"0":"post-223","1":"product","2":"type-product","3":"status-publish","4":"has-post-thumbnail","6":"product_cat-todos-los-productos","7":"product_cat-sillas-de-comer","8":"desktop-align-left","9":"tablet-align-left","10":"mobile-align-left","12":"first","13":"instock","14":"shipping-taxable","15":"purchasable","16":"product-type-variable"},"_links":{"self":[{"href":"https:\/\/kidszone503.com\/index.php\/wp-json\/wp\/v2\/product\/223","targetHints":{"allow":["GET"]}}],"collection":[{"href":"https:\/\/kidszone503.com\/index.php\/wp-json\/wp\/v2\/product"}],"about":[{"href":"https:\/\/kidszone503.com\/index.php\/wp-json\/wp\/v2\/types\/product"}],"replies":[{"embeddable":true,"href":"https:\/\/kidszone503.com\/index.php\/wp-json\/wp\/v2\/comments?post=223"}],"wp:featuredmedia":[{"embeddable":true,"href":"https:\/\/kidszone503.com\/index.php\/wp-json\/wp\/v2\/media\/102"}],"wp:attachment":[{"href":"https:\/\/kidszone503.com\/index.php\/wp-json\/wp\/v2\/media?parent=223"}],"wp:term":[{"taxonomy":"product_brand","embeddable":true,"href":"https:\/\/kidszone503.com\/index.php\/wp-json\/wp\/v2\/product_brand?post=223"},{"taxonomy":"product_cat","embeddable":true,"href":"https:\/\/kidszone503.com\/index.php\/wp-json\/wp\/v2\/product_cat?post=223"},{"taxonomy":"product_tag","embeddable":true,"href":"https:\/\/kidszone503.com\/index.php\/wp-json\/wp\/v2\/product_tag?post=223"}],"curies":[{"name":"wp","href":"https:\/\/api.w.org\/{rel}","templated":true}]}}