{"id":222,"date":"2025-06-13T20:29:28","date_gmt":"2025-06-13T20:29:28","guid":{"rendered":"https:\/\/kidszone503.com\/?post_type=product&#038;p=222"},"modified":"2025-06-13T20:31:06","modified_gmt":"2025-06-13T20:31:06","slug":"deslizadero-multifuncional-infantil-4-en-1-con-biblioteca-caballete-y-mesa-de-juegos","status":"publish","type":"product","link":"https:\/\/kidszone503.com\/index.php\/producto\/deslizadero-multifuncional-infantil-4-en-1-con-biblioteca-caballete-y-mesa-de-juegos\/","title":{"rendered":"Deslizadero Multifuncional Infantil 4 en 1 \u2013 Con Biblioteca, Caballete y Mesa de Juegos"},"content":{"rendered":"<p data-start=\"297\" data-end=\"530\">\u00a1Diversi\u00f3n, aprendizaje y orden en un solo producto! Este <strong data-start=\"355\" data-end=\"392\">deslizadero multifuncional 4 en 1<\/strong> es la soluci\u00f3n perfecta para estimular la creatividad, la actividad f\u00edsica y el amor por la lectura en los m\u00e1s peque\u00f1os, todo desde casa.<\/p>\n<p data-start=\"532\" data-end=\"562\">Este incre\u00edble dise\u00f1o incluye:<\/p>\n<ul data-start=\"563\" data-end=\"815\">\n<li data-start=\"563\" data-end=\"619\">\n<p data-start=\"565\" data-end=\"619\"><strong data-start=\"565\" data-end=\"596\">Deslizadero amplio y seguro<\/strong> con bordes elevados.<\/p>\n<\/li>\n<li data-start=\"620\" data-end=\"684\">\n<p data-start=\"622\" data-end=\"684\"><strong data-start=\"622\" data-end=\"649\">Estante tipo biblioteca<\/strong> para organizar libros y cuentos.<\/p>\n<\/li>\n<li data-start=\"685\" data-end=\"746\">\n<p data-start=\"687\" data-end=\"746\"><strong data-start=\"687\" data-end=\"711\">Caballete doble cara<\/strong> para pintar, escribir o dibujar.<\/p>\n<\/li>\n<li data-start=\"747\" data-end=\"815\">\n<p data-start=\"749\" data-end=\"815\"><strong data-start=\"749\" data-end=\"777\">Mesa de juegos con silla<\/strong> para actividades did\u00e1cticas o snacks.<\/p>\n<\/li>\n<\/ul>\n<p data-start=\"817\" data-end=\"1039\">Dise\u00f1ado en colores suaves y forma de carro que lo hace llamativo y moderno. Fabricado en pl\u00e1stico resistente, con estructura segura, esquinas redondeadas y tama\u00f1o ideal para ni\u00f1os peque\u00f1os (a partir de 1 a\u00f1o en adelante).<\/p>\n<p data-start=\"1041\" data-end=\"1110\">Ideal para interiores como habitaciones, salas de juego o guarder\u00edas.<\/p>\n","protected":false},"excerpt":{"rendered":"<p>Deslizadero 4 en 1 con biblioteca, caballete, mesa y silla. \u00a1Aprende, juega y desl\u00edzate en casa!<\/p>\n","protected":false},"featured_media":100,"comment_status":"open","ping_status":"closed","template":"","meta":{"site-sidebar-layout":"default","site-content-layout":"","ast-site-content-layout":"default","site-content-style":"default","site-sidebar-style":"default","ast-global-header-display":"","ast-banner-title-visibility":"","ast-main-header-display":"","ast-hfb-above-header-display":"","ast-hfb-below-header-display":"","ast-hfb-mobile-header-display":"","site-post-title":"","ast-breadcrumbs-content":"","ast-featured-img":"","footer-sml-layout":"","theme-transparent-header-meta":"default","adv-header-id-meta":"","stick-header-meta":"","header-above-stick-meta":"","header-main-stick-meta":"","header-below-stick-meta":"","astra-migrate-meta-layouts":"set","ast-page-background-enabled":"default","ast-page-background-meta":{"desktop":{"background-color":"var(--ast-global-color-5)","background-image":"","background-repeat":"repeat","background-position":"center center","background-size":"auto","background-attachment":"scroll","background-type":"","background-media":"","overlay-type":"","overlay-color":"","overlay-opacity":"","overlay-gradient":""},"tablet":{"background-color":"","background-image":"","background-repeat":"repeat","background-position":"center center","background-size":"auto","background-attachment":"scroll","background-type":"","background-media":"","overlay-type":"","overlay-color":"","overlay-opacity":"","overlay-gradient":""},"mobile":{"background-color":"","background-image":"","background-repeat":"repeat","background-position":"center center","background-size":"auto","background-attachment":"scroll","background-type":"","background-media":"","overlay-type":"","overlay-color":"","overlay-opacity":"","overlay-gradient":""}},"ast-content-background-meta":{"desktop":{"background-color":"var(--ast-global-color-4)","background-image":"","background-repeat":"repeat","background-position":"center center","background-size":"auto","background-attachment":"scroll","background-type":"","background-media":"","overlay-type":"","overlay-color":"","overlay-opacity":"","overlay-gradient":""},"tablet":{"background-color":"var(--ast-global-color-4)","background-image":"","background-repeat":"repeat","background-position":"center center","background-size":"auto","background-attachment":"scroll","background-type":"","background-media":"","overlay-type":"","overlay-color":"","overlay-opacity":"","overlay-gradient":""},"mobile":{"background-color":"var(--ast-global-color-4)","background-image":"","background-repeat":"repeat","background-position":"center center","background-size":"auto","background-attachment":"scroll","background-type":"","background-media":"","overlay-type":"","overlay-color":"","overlay-opacity":"","overlay-gradient":""}}},"product_brand":[],"product_cat":[15,28],"product_tag":[],"class_list":{"0":"post-222","1":"product","2":"type-product","3":"status-publish","4":"has-post-thumbnail","6":"product_cat-todos-los-productos","7":"product_cat-juguetes","8":"desktop-align-left","9":"tablet-align-left","10":"mobile-align-left","12":"first","13":"instock","14":"shipping-taxable","15":"purchasable","16":"product-type-simple"},"_links":{"self":[{"href":"https:\/\/kidszone503.com\/index.php\/wp-json\/wp\/v2\/product\/222","targetHints":{"allow":["GET"]}}],"collection":[{"href":"https:\/\/kidszone503.com\/index.php\/wp-json\/wp\/v2\/product"}],"about":[{"href":"https:\/\/kidszone503.com\/index.php\/wp-json\/wp\/v2\/types\/product"}],"replies":[{"embeddable":true,"href":"https:\/\/kidszone503.com\/index.php\/wp-json\/wp\/v2\/comments?post=222"}],"wp:featuredmedia":[{"embeddable":true,"href":"https:\/\/kidszone503.com\/index.php\/wp-json\/wp\/v2\/media\/100"}],"wp:attachment":[{"href":"https:\/\/kidszone503.com\/index.php\/wp-json\/wp\/v2\/media?parent=222"}],"wp:term":[{"taxonomy":"product_brand","embeddable":true,"href":"https:\/\/kidszone503.com\/index.php\/wp-json\/wp\/v2\/product_brand?post=222"},{"taxonomy":"product_cat","embeddable":true,"href":"https:\/\/kidszone503.com\/index.php\/wp-json\/wp\/v2\/product_cat?post=222"},{"taxonomy":"product_tag","embeddable":true,"href":"https:\/\/kidszone503.com\/index.php\/wp-json\/wp\/v2\/product_tag?post=222"}],"curies":[{"name":"wp","href":"https:\/\/api.w.org\/{rel}","templated":true}]}}