{"id":215,"date":"2025-06-13T20:24:21","date_gmt":"2025-06-13T20:24:21","guid":{"rendered":"https:\/\/kidszone503.com\/?post_type=product&#038;p=215"},"modified":"2025-06-23T20:48:48","modified_gmt":"2025-06-23T20:48:48","slug":"canguro-ergonomico-con-capucha-protectora","status":"publish","type":"product","link":"https:\/\/kidszone503.com\/index.php\/producto\/canguro-ergonomico-con-capucha-protectora\/","title":{"rendered":"Canguro Ergon\u00f3mico con Capucha Protectora \u2013 Colores Rojo o Azul"},"content":{"rendered":"<p data-start=\"220\" data-end=\"484\">Lleva a tu beb\u00e9 contigo con total seguridad y comodidad gracias a este <strong data-start=\"291\" data-end=\"313\">canguro ergon\u00f3mico<\/strong>, dise\u00f1ado para brindar soporte tanto al peque\u00f1o como al adulto. Su dise\u00f1o ajustable distribuye el peso de forma equilibrada, aliviando la presi\u00f3n en la espalda y hombros.<\/p>\n<p data-start=\"486\" data-end=\"796\">Incluye una <strong data-start=\"498\" data-end=\"530\">capucha protectora removible<\/strong> ideal para proteger al beb\u00e9 del sol, viento o luz directa, adem\u00e1s de mantenerlo m\u00e1s seguro al dormir. Con correas acolchadas, hebillas reforzadas y cintur\u00f3n de soporte, este modelo es perfecto para beb\u00e9s desde los 3 hasta los 18 meses (aproximadamente hasta 15 kg).<\/p>\n<p data-start=\"798\" data-end=\"964\">Fabricado en materiales suaves, resistentes y transpirables. Se puede usar en diferentes posiciones: <strong data-start=\"899\" data-end=\"963\">frontal mirando hacia la madre, hacia afuera o en la espalda<\/strong>.<\/p>\n<p data-start=\"966\" data-end=\"1033\">Ideal para paseos, compras o tareas del d\u00eda a d\u00eda con manos libres.<\/p>\n","protected":false},"excerpt":{"rendered":"<p>Canguro ergon\u00f3mico con capucha protectora, c\u00f3modo y seguro para llevar a tu beb\u00e9 a todos lados.<\/p>\n","protected":false},"featured_media":98,"comment_status":"open","ping_status":"closed","template":"","meta":{"site-sidebar-layout":"default","site-content-layout":"","ast-site-content-layout":"default","site-content-style":"default","site-sidebar-style":"default","ast-global-header-display":"","ast-banner-title-visibility":"","ast-main-header-display":"","ast-hfb-above-header-display":"","ast-hfb-below-header-display":"","ast-hfb-mobile-header-display":"","site-post-title":"","ast-breadcrumbs-content":"","ast-featured-img":"","footer-sml-layout":"","theme-transparent-header-meta":"default","adv-header-id-meta":"","stick-header-meta":"","header-above-stick-meta":"","header-main-stick-meta":"","header-below-stick-meta":"","astra-migrate-meta-layouts":"set","ast-page-background-enabled":"default","ast-page-background-meta":{"desktop":{"background-color":"var(--ast-global-color-5)","background-image":"","background-repeat":"repeat","background-position":"center center","background-size":"auto","background-attachment":"scroll","background-type":"","background-media":"","overlay-type":"","overlay-color":"","overlay-opacity":"","overlay-gradient":""},"tablet":{"background-color":"","background-image":"","background-repeat":"repeat","background-position":"center center","background-size":"auto","background-attachment":"scroll","background-type":"","background-media":"","overlay-type":"","overlay-color":"","overlay-opacity":"","overlay-gradient":""},"mobile":{"background-color":"","background-image":"","background-repeat":"repeat","background-position":"center center","background-size":"auto","background-attachment":"scroll","background-type":"","background-media":"","overlay-type":"","overlay-color":"","overlay-opacity":"","overlay-gradient":""}},"ast-content-background-meta":{"desktop":{"background-color":"var(--ast-global-color-4)","background-image":"","background-repeat":"repeat","background-position":"center center","background-size":"auto","background-attachment":"scroll","background-type":"","background-media":"","overlay-type":"","overlay-color":"","overlay-opacity":"","overlay-gradient":""},"tablet":{"background-color":"var(--ast-global-color-4)","background-image":"","background-repeat":"repeat","background-position":"center center","background-size":"auto","background-attachment":"scroll","background-type":"","background-media":"","overlay-type":"","overlay-color":"","overlay-opacity":"","overlay-gradient":""},"mobile":{"background-color":"var(--ast-global-color-4)","background-image":"","background-repeat":"repeat","background-position":"center center","background-size":"auto","background-attachment":"scroll","background-type":"","background-media":"","overlay-type":"","overlay-color":"","overlay-opacity":"","overlay-gradient":""}}},"product_brand":[],"product_cat":[15,20],"product_tag":[],"class_list":{"0":"post-215","1":"product","2":"type-product","3":"status-publish","4":"has-post-thumbnail","6":"product_cat-todos-los-productos","7":"product_cat-cargadores-de-bebe","8":"desktop-align-left","9":"tablet-align-left","10":"mobile-align-left","12":"first","13":"instock","14":"shipping-taxable","15":"purchasable","16":"product-type-variable"},"_links":{"self":[{"href":"https:\/\/kidszone503.com\/index.php\/wp-json\/wp\/v2\/product\/215","targetHints":{"allow":["GET"]}}],"collection":[{"href":"https:\/\/kidszone503.com\/index.php\/wp-json\/wp\/v2\/product"}],"about":[{"href":"https:\/\/kidszone503.com\/index.php\/wp-json\/wp\/v2\/types\/product"}],"replies":[{"embeddable":true,"href":"https:\/\/kidszone503.com\/index.php\/wp-json\/wp\/v2\/comments?post=215"}],"wp:featuredmedia":[{"embeddable":true,"href":"https:\/\/kidszone503.com\/index.php\/wp-json\/wp\/v2\/media\/98"}],"wp:attachment":[{"href":"https:\/\/kidszone503.com\/index.php\/wp-json\/wp\/v2\/media?parent=215"}],"wp:term":[{"taxonomy":"product_brand","embeddable":true,"href":"https:\/\/kidszone503.com\/index.php\/wp-json\/wp\/v2\/product_brand?post=215"},{"taxonomy":"product_cat","embeddable":true,"href":"https:\/\/kidszone503.com\/index.php\/wp-json\/wp\/v2\/product_cat?post=215"},{"taxonomy":"product_tag","embeddable":true,"href":"https:\/\/kidszone503.com\/index.php\/wp-json\/wp\/v2\/product_tag?post=215"}],"curies":[{"name":"wp","href":"https:\/\/api.w.org\/{rel}","templated":true}]}}