{"id":15,"date":"2025-06-17T00:08:25","date_gmt":"2025-06-17T00:08:25","guid":{"rendered":"https:\/\/kidszone503.com\/?page_id=15"},"modified":"2025-06-17T00:08:25","modified_gmt":"2025-06-17T00:08:25","slug":"reembolso_devoluciones","status":"publish","type":"page","link":"https:\/\/kidszone503.com\/index.php\/reembolso_devoluciones\/","title":{"rendered":"\ud83e\uddfe T\u00e9rminos y Condiciones \u2013 Kids Zone"},"content":{"rendered":"\n<p><\/p>\n\n\n\n<h2 class=\"wp-block-heading\"><\/h2>\n\n\n\n<p><strong>1. Cambios y devoluciones:<\/strong><br>En <em>Kids Zone<\/em>, todos los productos son revisados cuidadosamente antes de ser enviados. Por esta raz\u00f3n, <strong>no se aceptan cambios ni devoluciones<\/strong>. Te recomendamos verificar bien tu pedido antes de confirmar la compra.<\/p>\n\n\n\n<p><strong>2. Env\u00edos nacionales:<\/strong><br>Realizamos env\u00edos a todo el pa\u00eds.<br>\u23f1 <strong>Tiempo de entrega:<\/strong> de <strong>1 a 3 d\u00edas h\u00e1biles<\/strong> despu\u00e9s de la confirmaci\u00f3n del pago.<br>\ud83d\ude9a Los env\u00edos se hacen con empresas confiables y se entregan a la direcci\u00f3n proporcionada por el cliente.<\/p>\n\n\n\n<p><strong>3. Productos por reserva:<\/strong><br>Los productos reservados o bajo pedido especial tienen un <strong>tiempo de llegada de hasta 3 semanas<\/strong>. Esto aplica para mercader\u00eda que a\u00fan no est\u00e1 disponible en stock local.<\/p>\n\n\n\n<p><strong>4. Revisi\u00f3n previa:<\/strong><br>Cada art\u00edculo es inspeccionado antes de su despacho para garantizar que llega en <strong>perfectas condiciones<\/strong>. No nos hacemos responsables por da\u00f1os ocurridos durante el transporte por parte de terceros.<\/p>\n\n\n\n<p><strong>5. Confirmaci\u00f3n de pedido:<\/strong><br>Una vez realizado tu pedido y confirmado el pago, te enviaremos la informaci\u00f3n de seguimiento. No se podr\u00e1 modificar el contenido del pedido despu\u00e9s de esta confirmaci\u00f3n.<\/p>\n\n\n\n<p><strong>6. Contacto y soporte:<\/strong><br>Para cualquier consulta, pod\u00e9s escribirnos al WhatsApp <strong>7762-1429<\/strong>. Nuestro equipo est\u00e1 disponible para ayudarte.<\/p>\n\n\n\n<h2 class=\"wp-block-heading\"><\/h2>\n\n\n\n<p><\/p>\n\n\n\n<p><\/p>\n\n\n\n<h3 class=\"wp-block-heading\"><\/h3>\n\n\n\n<p><\/p>\n\n\n\n<p><\/p>\n\n\n\n<p><\/p>\n\n\n\n<p><\/p>\n\n\n\n<p><\/p>\n\n\n\n<h2 class=\"wp-block-heading\">\u00bfNecesitas ayuda?<\/h2>\n\n\n\n<p>Cont\u00e1ctanos a nuestro correo ventaskidszone.503@gmail.com<\/p>\n","protected":false},"excerpt":{"rendered":"<p>1. Cambios y devoluciones:En Kids Zone, todos los productos son revisados cuidadosamente antes de ser enviados. Por esta raz\u00f3n, no [&hellip;]<\/p>\n","protected":false},"author":1,"featured_media":0,"parent":0,"menu_order":0,"comment_status":"closed","ping_status":"closed","template":"","meta":{"site-sidebar-layout":"default","site-content-layout":"","ast-site-content-layout":"","site-content-style":"default","site-sidebar-style":"default","ast-global-header-display":"","ast-banner-title-visibility":"","ast-main-header-display":"","ast-hfb-above-header-display":"","ast-hfb-below-header-display":"","ast-hfb-mobile-header-display":"","site-post-title":"","ast-breadcrumbs-content":"","ast-featured-img":"","footer-sml-layout":"","theme-transparent-header-meta":"","adv-header-id-meta":"","stick-header-meta":"","header-above-stick-meta":"","header-main-stick-meta":"","header-below-stick-meta":"","astra-migrate-meta-layouts":"default","ast-page-background-enabled":"default","ast-page-background-meta":{"desktop":{"background-color":"var(--ast-global-color-5)","background-image":"","background-repeat":"repeat","background-position":"center center","background-size":"auto","background-attachment":"scroll","background-type":"","background-media":"","overlay-type":"","overlay-color":"","overlay-opacity":"","overlay-gradient":""},"tablet":{"background-color":"","background-image":"","background-repeat":"repeat","background-position":"center center","background-size":"auto","background-attachment":"scroll","background-type":"","background-media":"","overlay-type":"","overlay-color":"","overlay-opacity":"","overlay-gradient":""},"mobile":{"background-color":"","background-image":"","background-repeat":"repeat","background-position":"center center","background-size":"auto","background-attachment":"scroll","background-type":"","background-media":"","overlay-type":"","overlay-color":"","overlay-opacity":"","overlay-gradient":""}},"ast-content-background-meta":{"desktop":{"background-color":"var(--ast-global-color-4)","background-image":"","background-repeat":"repeat","background-position":"center center","background-size":"auto","background-attachment":"scroll","background-type":"","background-media":"","overlay-type":"","overlay-color":"","overlay-opacity":"","overlay-gradient":""},"tablet":{"background-color":"var(--ast-global-color-4)","background-image":"","background-repeat":"repeat","background-position":"center center","background-size":"auto","background-attachment":"scroll","background-type":"","background-media":"","overlay-type":"","overlay-color":"","overlay-opacity":"","overlay-gradient":""},"mobile":{"background-color":"var(--ast-global-color-4)","background-image":"","background-repeat":"repeat","background-position":"center center","background-size":"auto","background-attachment":"scroll","background-type":"","background-media":"","overlay-type":"","overlay-color":"","overlay-opacity":"","overlay-gradient":""}},"footnotes":""},"class_list":["post-15","page","type-page","status-publish","hentry"],"_links":{"self":[{"href":"https:\/\/kidszone503.com\/index.php\/wp-json\/wp\/v2\/pages\/15","targetHints":{"allow":["GET"]}}],"collection":[{"href":"https:\/\/kidszone503.com\/index.php\/wp-json\/wp\/v2\/pages"}],"about":[{"href":"https:\/\/kidszone503.com\/index.php\/wp-json\/wp\/v2\/types\/page"}],"author":[{"embeddable":true,"href":"https:\/\/kidszone503.com\/index.php\/wp-json\/wp\/v2\/users\/1"}],"replies":[{"embeddable":true,"href":"https:\/\/kidszone503.com\/index.php\/wp-json\/wp\/v2\/comments?post=15"}],"version-history":[{"count":2,"href":"https:\/\/kidszone503.com\/index.php\/wp-json\/wp\/v2\/pages\/15\/revisions"}],"predecessor-version":[{"id":390,"href":"https:\/\/kidszone503.com\/index.php\/wp-json\/wp\/v2\/pages\/15\/revisions\/390"}],"wp:attachment":[{"href":"https:\/\/kidszone503.com\/index.php\/wp-json\/wp\/v2\/media?parent=15"}],"curies":[{"name":"wp","href":"https:\/\/api.w.org\/{rel}","templated":true}]}}